{"id":244,"date":"2014-01-17T13:58:10","date_gmt":"2014-01-17T11:58:10","guid":{"rendered":"http:\/\/jennecken.de\/wordpress\/?page_id=244"},"modified":"2024-04-16T19:42:41","modified_gmt":"2024-04-16T17:42:41","slug":"bisherige-vorstaende","status":"publish","type":"page","link":"https:\/\/jennecken.de\/?page_id=244","title":{"rendered":"Vorstandsgeschichte"},"content":{"rendered":"\n<p><a href=\"https:\/\/jennecken.de\/?page_id=536\">\u2190Zur\u00fcck<\/a><\/p>\n\n\n\n<p>Alle Vorst\u00e4nde von der Gr\u00fcndung 1956 bis heute<\/p>\n\n\n\n<figure class=\"wp-block-table\"><table class=\"has-fixed-layout\"><tbody><tr><td><strong>1956 \u2013 1974<\/strong><\/td><td><\/td><\/tr><tr><td>1. Vorsitzender:<\/td><td>Max Kr\u00e4mer<\/td><\/tr><tr><td>2. Vorsitzender:<\/td><td>Willi Pack<\/td><\/tr><tr><td>Gesch\u00e4ftsf\u00fchrer:<\/td><td>Artur Bauer<\/td><\/tr><tr><td>Beisitzer:<\/td><td>Helmut G\u00f6dicke<\/td><\/tr><tr><td>&nbsp;<\/td><td>Ernst Strupp<\/td><\/tr><tr><td><strong>1974 \u2013 1979<\/strong><\/td><td><\/td><\/tr><tr><td>1. Vorsitzender:<\/td><td>Gerhard Weikert<\/td><\/tr><tr><td>2. Vorsitzender:<\/td><td>Eberhard M\u00fcller<\/td><\/tr><tr><td>Gesch\u00e4ftsf\u00fchrer:<\/td><td>Gerhard Kr\u00e4mer<\/td><\/tr><tr><td>Beisitzer:<\/td><td>Manfred M\u00f6schter<\/td><\/tr><tr><td>&nbsp;<\/td><td>Manfred Darsow<\/td><\/tr><tr><td><strong>1979 \u2013 1981<\/strong><\/td><td><\/td><\/tr><tr><td>1. Vorsitzender:<\/td><td>Gerhard Weikert<\/td><\/tr><tr><td>2. Vorsitzender:<\/td><td>Kurt Ruch<\/td><\/tr><tr><td>Schriftf\u00fchrer:<\/td><td>Gerhard Kr\u00e4mer<\/td><\/tr><tr><td>Kassierer:<\/td><td>Eberhard M\u00fcller<\/td><\/tr><tr><td>Beisitzer:<\/td><td>Liese Dreibholz<\/td><\/tr><tr><td>&nbsp;<\/td><td>Anneliese Krause<\/td><\/tr><tr><td><strong>1981 \u2013 1983<\/strong><\/td><td><\/td><\/tr><tr><td>1. Vorsitzender:<\/td><td>Gerhard Weikert<\/td><\/tr><tr><td>2. Vorsitzender:<\/td><td>Kurt Ruch<\/td><\/tr><tr><td>Schriftf\u00fchrer:<\/td><td>Hildegard Stapp<\/td><\/tr><tr><td>Kassierer:<\/td><td>Eberhard M\u00fcller<\/td><\/tr><tr><td>Beisitzer:<\/td><td>Werner M\u00fcller<\/td><\/tr><tr><td>&nbsp;<\/td><td>Ernst-Erwin Noss<\/td><\/tr><tr><td><strong>1983 \u2013 1991<\/strong><\/td><td><\/td><\/tr><tr><td>1. Vorsitzender:<\/td><td>Gerhard Weikert<\/td><\/tr><tr><td>2. Vorsitzender:<\/td><td>Kurt Ruch<\/td><\/tr><tr><td>Schriftf\u00fchrer:<\/td><td>Hildegard Stapp<\/td><\/tr><tr><td>Kassierer:<\/td><td>Eberhard M\u00fcller<\/td><\/tr><tr><td>Beisitzer:<\/td><td>Werner M\u00fcller<\/td><\/tr><tr><td>&nbsp;<\/td><td>Ursula Lenz<\/td><\/tr><tr><td><strong>1991 \u2013 1995<\/strong><\/td><td><\/td><\/tr><tr><td>1. Vorsitzender:<\/td><td>Gerhard Weikert<\/td><\/tr><tr><td>2. Vorsitzender:<\/td><td>Werner M\u00fcller<\/td><\/tr><tr><td>Schriftf\u00fchrer:<\/td><td>Axel Peters<\/td><\/tr><tr><td>Kassierer:<\/td><td>Eberhard M\u00fcller<\/td><\/tr><tr><td>Beisitzer:<\/td><td>Christel M\u00f6schter<\/td><\/tr><tr><td>&nbsp;<\/td><td>B\u00e4rbel Rogalla<\/td><\/tr><tr><td><strong>1995 \u2013 1996<\/strong><\/td><td><\/td><\/tr><tr><td>1. Vorsitzender:<\/td><td>Gerhard Weikert<\/td><\/tr><tr><td>2. Vorsitzender:<\/td><td>Paul-Erich Str\u00e4\u00dfer<\/td><\/tr><tr><td>Schriftf\u00fchrer:<\/td><td>Axel Peters<\/td><\/tr><tr><td>Kassierer:<\/td><td>Eberhard M\u00fcller<\/td><\/tr><tr><td>Beisitzer:<\/td><td>Christel M\u00f6schter<\/td><\/tr><tr><td>&nbsp;<\/td><td>Rolf Hamann<\/td><\/tr><tr><td><strong>1996 \u2013 1997<\/strong><\/td><td><\/td><\/tr><tr><td>1. Vorsitzender:<\/td><td>Paul-Erich Str\u00e4\u00dfer<\/td><\/tr><tr><td>2. Vorsitzender:<\/td><td>Werner Strupp<\/td><\/tr><tr><td>Schriftf\u00fchrer:<\/td><td>Axel Peters<\/td><\/tr><tr><td>Kassierer:<\/td><td>Reiner G\u00f6dicke<\/td><\/tr><tr><td>Beisitzer:<\/td><td>Bernd Pack<\/td><\/tr><tr><td>&nbsp;<\/td><td>Rolf Hamann<\/td><\/tr><tr><td><strong>1997 \u2013 1998<\/strong><\/td><td><\/td><\/tr><tr><td>1. Vorsitzende:<\/td><td>Gisela Lauf<\/td><\/tr><tr><td>2. Vorsitzender:<\/td><td>Werner Strupp<\/td><\/tr><tr><td>Schriftf\u00fchrer:<\/td><td>Axel Peters<\/td><\/tr><tr><td>Kassierer:<\/td><td>Reiner G\u00f6dicke<\/td><\/tr><tr><td>Beisitzer:<\/td><td>Bernd Pack<\/td><\/tr><tr><td>&nbsp;<\/td><td>J\u00fcrgen Pack<\/td><\/tr><tr><td><strong>1998 \u2013 2005<\/strong><\/td><td><\/td><\/tr><tr><td>1. Vorsitzende:<\/td><td>Gisela Lauf<\/td><\/tr><tr><td>2. Vorsitzender:<\/td><td>Werner Strupp<\/td><\/tr><tr><td>Schriftf\u00fchrer:<\/td><td>Axel Peters<\/td><\/tr><tr><td>Kassierer:<\/td><td>Reiner G\u00f6dicke<\/td><\/tr><tr><td>Beisitzer:<\/td><td>Bernd Busse<\/td><\/tr><tr><td>&nbsp;<\/td><td>Stefan Gillmeister<\/td><\/tr><tr><td><strong>2005 \u2013 2007<\/strong><\/td><td><\/td><\/tr><tr><td>1. Vorsitzende:<\/td><td>Gisela Lauf<\/td><\/tr><tr><td>2. Vorsitzender:<\/td><td>Bernd Busse<\/td><\/tr><tr><td>Schriftf\u00fchrer:<\/td><td>Reinhard Kinze<\/td><\/tr><tr><td>Kassierer:<\/td><td>Ingo Kr\u00e4mer<\/td><\/tr><tr><td>Beisitzer:<\/td><td>Stefan Gillmeister<\/td><\/tr><tr><td>&nbsp;<\/td><td>Hans Mantsch<\/td><\/tr><tr><td><strong>2007 \u2013 2008<\/strong><\/td><td><\/td><\/tr><tr><td>1. Vorsitzender:<\/td><td>Bernd Busse<\/td><\/tr><tr><td>2. Vorsitzender:<\/td><td>Wilfried Lenz<\/td><\/tr><tr><td>Schriftf\u00fchrer:<\/td><td>Reinhard Kinze<\/td><\/tr><tr><td>Kassierer:<\/td><td>Ingo Kr\u00e4mer<\/td><\/tr><tr><td>Beisitzer:<\/td><td>Stefan Gillmeister<\/td><\/tr><tr><td>&nbsp;<\/td><td>Simone Kirschberger<\/td><\/tr><tr><td><strong>2008<\/strong><\/td><td><\/td><\/tr><tr><td>1. Vorsitzender:<\/td><td>Bernd Busse<\/td><\/tr><tr><td>2. Vorsitzender:<\/td><td>Wilfried Lenz<\/td><\/tr><tr><td>Schriftf\u00fchrer:<\/td><td>Reinhard Kinze<\/td><\/tr><tr><td>Kassierer:<\/td><td>Ingo Kr\u00e4mer<\/td><\/tr><tr><td>Beisitzer:<\/td><td>G\u00fcnther Hann<\/td><\/tr><tr><td>&nbsp;<\/td><td>Simone Kirschberger<\/td><\/tr><tr><td><strong>2009<\/strong><\/td><td><\/td><\/tr><tr><td>1. Vorsitzender:<\/td><td>Bernd Busse<\/td><\/tr><tr><td>2. Vorsitzender:<\/td><td>Wilfried Lenz<\/td><\/tr><tr><td>Schriftf\u00fchrer:<\/td><td>Reinhard Kinze<\/td><\/tr><tr><td>Kassierer:<\/td><td>Ingo Kr\u00e4mer<\/td><\/tr><tr><td>Beisitzer:<\/td><td>G\u00fcnther Hann<\/td><\/tr><tr><td>&nbsp;<\/td><td>Hans-Martin M\u00fcller<\/td><\/tr><tr><td><strong>2010<\/strong><\/td><td><\/td><\/tr><tr><td>1. Vorsitzender:<\/td><td>&#8211;<\/td><\/tr><tr><td>2. Vorsitzender:<\/td><td>Wilfried Lenz<\/td><\/tr><tr><td>Schriftf\u00fchrer:<\/td><td>Reinhard Kinze<\/td><\/tr><tr><td>Kassierer:<\/td><td>Ingo Kr\u00e4mer<\/td><\/tr><tr><td>Beisitzer:<\/td><td>G\u00fcnther Hann<\/td><\/tr><tr><td>&nbsp;<\/td><td>Hans-Martin M\u00fcller<\/td><\/tr><tr><td><strong>2010 \u2013 2013<\/strong><\/td><td><\/td><\/tr><tr><td>1. Vorsitzender:<\/td><td>Wilfried Lenz<\/td><\/tr><tr><td>2. Vorsitzender:<\/td><td>Reinhard Kinze<\/td><\/tr><tr><td>Schriftf\u00fchrerin:<\/td><td>Kerstin Kr\u00e4mer<\/td><\/tr><tr><td>Kassierer:<\/td><td>Ingo Kr\u00e4mer<\/td><\/tr><tr><td>Beisitzer:<\/td><td>G\u00fcnther Hann<\/td><\/tr><tr><td>&nbsp;<\/td><td>Hans-Martin M\u00fcller<\/td><\/tr><tr><td><strong>2013 \u2013 2015<\/strong><\/td><td><\/td><\/tr><tr><td>1. Vorsitzender:<\/td><td>Reinhard Kinze<\/td><\/tr><tr><td>2. Vorsitzende:<\/td><td>Kerstin Kr\u00e4mer<\/td><\/tr><tr><td>Schriftf\u00fchrerin:<\/td><td>Nicole Dohmgoergen<\/td><\/tr><tr><td>Kassierer:<\/td><td>Ingo Kr\u00e4mer<\/td><\/tr><tr><td>Beisitzer:<\/td><td>G\u00fcnther Hann<\/td><\/tr><tr><td>&nbsp;<\/td><td>Hans-Martin M\u00fcller<\/td><\/tr><tr><td><strong>2015 \u2013 2019<\/strong><\/td><td><\/td><\/tr><tr><td>1. Vorsitzender:<\/td><td>Reinhard Kinze<\/td><\/tr><tr><td>2. Vorsitzende:<\/td><td>Regina Str\u00e4\u00dfer<\/td><\/tr><tr><td>Schriftf\u00fchrerin:<\/td><td>Nicole Dohmgoergen<\/td><\/tr><tr><td>Kassierer:<\/td><td>Ingo Kr\u00e4mer<\/td><\/tr><tr><td>Beisitzer:<\/td><td>Rolf Hamann<\/td><\/tr><tr><td>&nbsp;<\/td><td>Sven B\u00fcser<\/td><\/tr><tr><td><strong>2019 \u2013 2021<\/strong><\/td><td><\/td><\/tr><tr><td>1. Vorsitzender:<\/td><td>Reinhard Kinze<\/td><\/tr><tr><td>2. Vorsitzender:<\/td><td>Sven B\u00fcser <\/td><\/tr><tr><td>Schriftf\u00fchrerin:<\/td><td>Nicole Dohmgoergen<\/td><\/tr><tr><td>Kassierer:<\/td><td>Ingo Kr\u00e4mer<\/td><\/tr><tr><td>Beisitzer*in:<\/td><td>Rolf Hamann<\/td><\/tr><tr><td>&nbsp;<\/td><td>Gabi Euteneuer<\/td><\/tr><tr><td><strong>2021  <strong>\u2013<\/strong>  2024<\/strong><\/td><td><\/td><\/tr><tr><td> 1. Vorsitzender: <\/td><td>Sven B\u00fcser  <\/td><\/tr><tr><td> 2. Vorsitzender:  <\/td><td>Uli Scheel<\/td><\/tr><tr><td> Schriftf\u00fchrerin: <\/td><td>Lisa Jobi<\/td><\/tr><tr><td> Kassierer: <\/td><td> Ingo Kr\u00e4mer <\/td><\/tr><tr><td> Beisitzer*in: <\/td><td>Adelheid Hann<\/td><\/tr><tr><td><\/td><td>Markus P\u00e4tzold<\/td><\/tr><tr><td><strong>2024  <strong>\u2013<\/strong>  heute<\/strong><\/td><td><\/td><\/tr><tr><td>1. Vorsitzender: <\/td><td>Sven B\u00fcser<\/td><\/tr><tr><td>2. Vorsitzender: <\/td><td>Uli Scheel<\/td><\/tr><tr><td>Schriftf\u00fchrerin: <\/td><td>Lisa Jobi<\/td><\/tr><tr><td>Kassierer: <\/td><td>Ingo Kr\u00e4mer <\/td><\/tr><tr><td>Beisitzer*in: <\/td><td>Adelheid Hann<\/td><\/tr><tr><td><\/td><td>Alex Jobi<\/td><\/tr><\/tbody><\/table><\/figure>\n\n\n\n<p><a href=\"#top\">\u2191&nbsp;zum Seitenanfang<\/a><\/p>\n","protected":false},"excerpt":{"rendered":"<p>\u2190Zur\u00fcck Alle Vorst\u00e4nde von der Gr\u00fcndung 1956 bis heute 1956 \u2013 1974 1. Vorsitzender: Max Kr\u00e4mer 2. Vorsitzender: Willi Pack Gesch\u00e4ftsf\u00fchrer: Artur Bauer Beisitzer: Helmut G\u00f6dicke &nbsp; Ernst Strupp 1974 \u2013 1979 1. Vorsitzender: Gerhard Weikert 2. Vorsitzender: Eberhard M\u00fcller Gesch\u00e4ftsf\u00fchrer: Gerhard Kr\u00e4mer Beisitzer: Manfred M\u00f6schter &nbsp; Manfred Darsow 1979 \u2013 1981 1. Vorsitzender: Gerhard &hellip; <\/p>\n<p class=\"link-more\"><a href=\"https:\/\/jennecken.de\/?page_id=244\" class=\"more-link\"><span class=\"screen-reader-text\">\u201eVorstandsgeschichte\u201c<\/span> weiterlesen<\/a><\/p>\n","protected":false},"author":1001002,"featured_media":0,"parent":536,"menu_order":2,"comment_status":"closed","ping_status":"closed","template":"","meta":{"footnotes":""},"class_list":["post-244","page","type-page","status-publish","hentry"],"_links":{"self":[{"href":"https:\/\/jennecken.de\/index.php?rest_route=\/wp\/v2\/pages\/244","targetHints":{"allow":["GET"]}}],"collection":[{"href":"https:\/\/jennecken.de\/index.php?rest_route=\/wp\/v2\/pages"}],"about":[{"href":"https:\/\/jennecken.de\/index.php?rest_route=\/wp\/v2\/types\/page"}],"author":[{"embeddable":true,"href":"https:\/\/jennecken.de\/index.php?rest_route=\/wp\/v2\/users\/1001002"}],"replies":[{"embeddable":true,"href":"https:\/\/jennecken.de\/index.php?rest_route=%2Fwp%2Fv2%2Fcomments&post=244"}],"version-history":[{"count":26,"href":"https:\/\/jennecken.de\/index.php?rest_route=\/wp\/v2\/pages\/244\/revisions"}],"predecessor-version":[{"id":5006,"href":"https:\/\/jennecken.de\/index.php?rest_route=\/wp\/v2\/pages\/244\/revisions\/5006"}],"up":[{"embeddable":true,"href":"https:\/\/jennecken.de\/index.php?rest_route=\/wp\/v2\/pages\/536"}],"wp:attachment":[{"href":"https:\/\/jennecken.de\/index.php?rest_route=%2Fwp%2Fv2%2Fmedia&parent=244"}],"curies":[{"name":"wp","href":"https:\/\/api.w.org\/{rel}","templated":true}]}}