{"id":3987,"date":"2018-07-06T11:50:55","date_gmt":"2018-07-06T09:50:55","guid":{"rendered":"http:\/\/jennecken.de\/?page_id=3987"},"modified":"2018-11-28T08:49:11","modified_gmt":"2018-11-28T07:49:11","slug":"datenschutz","status":"publish","type":"page","link":"https:\/\/jennecken.de\/?page_id=3987","title":{"rendered":"Datenschutz"},"content":{"rendered":"<p>Information zum Datenschutz<\/p>\n<p><strong>1. Name und Kontaktdaten des f\u00fcr die Verarbeitung Verantwortlichen<\/strong><\/p>\n<p>Diese Datenschutzinformationen gelten f\u00fcr die Datenverarbeitung durch<\/p>\n<p>Gemeinn\u00fctziger Verein Jennecken e. V.<br \/>\nZum Weiher 1 &#8211; 51674 Wiehl<\/p>\n<p>vertreten durch: den aktuellen <a href=\"https:\/\/jennecken.de\/?page_id=224\">Vorstand<\/a> gem\u00e4\u00df \u00a726 BGB<br \/>\nWebsite: www.jennecken.de<br \/>\nf\u00fcr die folgenden Internetseiten: www.jennecken.de<\/p>\n<p><strong><br \/>\n2. Zwecke der Datenverarbeitung, Rechtsgrundlagen und berechtigte Interessen, die von dem Verantwortlichen oder einem Dritten verfolgt werden sowie Kategorien von Empf\u00e4ngern<\/strong><\/p>\n<p><strong>2.1 Aufrufen unserer Websites\/Applikationen<\/strong><\/p>\n<p><strong>2.1.1 Log-Files<\/strong><\/p>\n<p>Bei jedem Zugriff auf Websites\/Applikationen werden Informationen durch den jeweiligen Internetbrowser Ihres jeweiligen Endger\u00e4tes an den Server unserer Website\/Applikation gesendet und tempor\u00e4r in Protokolldateien, den sogenannten Logfiles, gespeichert. Die dabei gespeicherten Datens\u00e4tze enthalten die folgenden Daten, die bis zur automatischen L\u00f6schung gespeichert werden: Datum und Uhrzeit des Abrufs, Name der aufgerufenen Seite, IP-Adresse des anfragenden Ger\u00e4tes, Referrer-URL (Herkunfts-URL, von der aus Sie auf unsere Webseiten gekommen sind), die \u00fcbertragene Datenmenge, Ladezeit, sowie Produkt und Versions-Informationen des jeweils verwendeten Browsers sowie der Name ihres Access-Providers.<\/p>\n<p>Rechtsgrundlage f\u00fcr die Verarbeitung der IP-Adresse ist Artikel 6 Absatz 1 Buchstabe f) DSGVO. Unser berechtigtes Interesse ergibt sich aus der<\/p>\n<ul>\n<li>Gew\u00e4hrleistung eines reibungslosen Verbindungsaufbaus,<\/li>\n<li>Gew\u00e4hrleistung einer komfortablen Nutzung unserer Website\/Applikation,<\/li>\n<li>Auswertung der Systemsicherheit und -stabilit\u00e4t.<\/li>\n<\/ul>\n<p>In keinem Fall verwenden wir die erhobenen Daten zu dem Zweck, R\u00fcckschl\u00fcsse auf Ihre Person zu ziehen.<\/p>\n<p><strong>2.2 Kontaktaufnahme<\/strong><\/p>\n<p>Sie haben die M\u00f6glichkeit, auf mehreren Wegen mit uns in Kontakt zu treten. Per E-Mail, per Telefon, per Chat oder per Post. Wenn Sie mit uns Kontakt aufnehmen, verwenden wir jene personenbezogenen Daten, die Sie uns in diesem Rahmen freiwillig zur Verf\u00fcgung stellen allein zu dem Zweck, um mit Ihnen in Kontakt zu treten und Ihre Anfrage bearbeiten zu k\u00f6nnen.<\/p>\n<p>Rechtsgrundlage f\u00fcr diese Datenverarbeitung ist Art. 6 Absatz 1 Buchstabe a), Art. 6 Absatz 1 Buchstabe b), Art. 6 Absatz 1 Buchstabe c) DSGVO sowie Art. 6 Abs. 1 Buchstabe f) DSGVO.<\/p>\n<p>Die Daten werden gespeichert und nach Erreichung der vorgenannten Zwecke automatisch gel\u00f6scht. Die Regelfristen zur L\u00f6schung richten sich nach dem Kriterium der Erforderlichkeit.<\/p>\n<p><strong><br \/>\n3. Weitergabe von Daten<\/strong><\/p>\n<p>Eine \u00dcbermittlung Ihrer pers\u00f6nlichen Daten an Dritte zu anderen als den im Folgenden aufgef\u00fchrten Zwecken findet nicht statt.<\/p>\n<p>Wir geben Ihre pers\u00f6nlichen Daten nur an Dritte weiter, wenn:<\/p>\n<p>Sie Ihre nach Art.6 Abs.1 S.1 lit.a DSGVO ausdr\u00fcckliche Einwilligung dazu erteilt haben, die Weitergabe nach Art.6 Abs.1 S.1 lit.f DSGVO zur Geltendmachung, Aus\u00fcbung oder Verteidigung von Rechtsanspr\u00fcchen erforderlich ist und kein Grund zur Annahme besteht, dass Sie ein \u00fcberwiegendes schutzw\u00fcrdiges Interesse an der Nichtweitergabe Ihrer Daten haben, f\u00fcr den Fall, dass f\u00fcr die Weitergabe nach Art.6 Abs.1 S.1 lit.c DSGVO eine gesetzliche Verpflichtung besteht, sowie dies gesetzlich zul\u00e4ssig und nach Art.6 Abs.1 S.1 lit.b DSGVO f\u00fcr die Abwicklung von Vertragsverh\u00e4ltnissen mit Ihnen erforderlich ist.<\/p>\n<p><strong><br \/>\n4. Ihre Rechte <\/strong><\/p>\n<p><strong>4.1 \u00dcberblick<\/strong><\/p>\n<p>Neben dem Recht auf Widerruf Ihrer uns gegen\u00fcber erteilten Einwilligungen stehen Ihnen bei Vorliegen der jeweiligen gesetzlichen Voraussetzungen die folgenden weiteren Rechte zu:<\/p>\n<ul>\n<li>das Recht auf Auskunft \u00fcber Ihre bei uns gespeicherten pers\u00f6nlichen Daten (Art. 15 DSGVO), insbesondere k\u00f6nnen Sie Auskunft \u00fcber die Verarbeitungszwecke, die Kategorie der personenbezogenen Daten, die Kategorien von Empf\u00e4ngern, gegen\u00fcber denen Ihre Daten offengelegt wurden oder werden, die geplante Speicherdauer, die Herkunft ihrer Daten, sofern diese nicht direkt bei Ihnen erhoben wurden, verlangen;<\/li>\n<li>das Recht auf Berichtigung unrichtiger oder auf Vervollst\u00e4ndigung richtiger Daten (Art. 16 DSGVO),<\/li>\n<li>das Recht auf L\u00f6schung Ihrer bei uns gespeicherten Daten (Art. 17 DSGVO), soweit keine gesetzlichen oder vertraglichen Aufbewahrungsfristen oder andere gesetzliche Pflichten bzw. Rechte zur weiteren Speicherung von uns einzuhalten sind,<\/li>\n<li>gem\u00e4\u00df Art.18 DSGVO die Einschr\u00e4nkung der Verarbeitung Ihrer personenbezogenen Daten zu verlangen, soweit die Richtigkeit der Daten von Ihnen bestritten wird, die Verarbeitung unrechtm\u00e4\u00dfig ist, Sie aber deren L\u00f6schung ablehnen und wir die Daten nicht mehr ben\u00f6tigen, Sie jedoch diese zur Geltendmachung, Aus\u00fcbung oder Verteidigung von Rechtsanspr\u00fcchen ben\u00f6tigen oder Sie gem\u00e4\u00df Art. 21 DSGVO Widerspruch gegen die Verarbeitung eingelegt haben;<\/li>\n<li>das Recht auf Daten\u00fcbertragbarkeit gem. Art. 20 DSGVO, d.h. das Recht, ausgew\u00e4hlte bei uns \u00fcber Sie gespeicherte Daten in einem g\u00e4ngigen, maschinenlesbaren Format \u00fcbertragen zu bekommen, oder die \u00dcbermittlung an einen anderen Verantwortlichen zu verlangen<\/li>\n<li>das Recht auf Beschwerde bei einer Aufsichtsbeh\u00f6rde. In der Regel k\u00f6nnen Sie sich hierf\u00fcr an die Aufsichtsbeh\u00f6rde ihres \u00fcblichen Aufenthaltsortes oder Arbeitsplatzes oder unseres Unternehmenssitzes wenden.<\/li>\n<\/ul>\n<p>Die zuvor genannten, Ihnen uns gegen\u00fcber zustehenden Rechte, k\u00f6nnen Sie unter <a href=\"mailto:vorstand@jennecken.de\">vorstand@jennecken.de<\/a> geltend machen.<\/p>\n<p><a href=\"#top\">\u2191 zum Seitenanfang<\/a><\/p>\n","protected":false},"excerpt":{"rendered":"<p>Information zum Datenschutz 1. Name und Kontaktdaten des f\u00fcr die Verarbeitung Verantwortlichen Diese Datenschutzinformationen gelten f\u00fcr die Datenverarbeitung durch Gemeinn\u00fctziger Verein Jennecken e. V. Zum Weiher 1 &#8211; 51674 Wiehl vertreten durch: den aktuellen Vorstand gem\u00e4\u00df \u00a726 BGB Website: www.jennecken.de f\u00fcr die folgenden Internetseiten: www.jennecken.de 2. Zwecke der Datenverarbeitung, Rechtsgrundlagen und berechtigte Interessen, die von &hellip; <\/p>\n<p class=\"link-more\"><a href=\"https:\/\/jennecken.de\/?page_id=3987\" class=\"more-link\"><span class=\"screen-reader-text\">\u201eDatenschutz\u201c<\/span> weiterlesen<\/a><\/p>\n","protected":false},"author":1001002,"featured_media":0,"parent":57,"menu_order":0,"comment_status":"closed","ping_status":"closed","template":"","meta":{"footnotes":""},"class_list":["post-3987","page","type-page","status-publish","hentry"],"_links":{"self":[{"href":"https:\/\/jennecken.de\/index.php?rest_route=\/wp\/v2\/pages\/3987","targetHints":{"allow":["GET"]}}],"collection":[{"href":"https:\/\/jennecken.de\/index.php?rest_route=\/wp\/v2\/pages"}],"about":[{"href":"https:\/\/jennecken.de\/index.php?rest_route=\/wp\/v2\/types\/page"}],"author":[{"embeddable":true,"href":"https:\/\/jennecken.de\/index.php?rest_route=\/wp\/v2\/users\/1001002"}],"replies":[{"embeddable":true,"href":"https:\/\/jennecken.de\/index.php?rest_route=%2Fwp%2Fv2%2Fcomments&post=3987"}],"version-history":[{"count":8,"href":"https:\/\/jennecken.de\/index.php?rest_route=\/wp\/v2\/pages\/3987\/revisions"}],"predecessor-version":[{"id":4111,"href":"https:\/\/jennecken.de\/index.php?rest_route=\/wp\/v2\/pages\/3987\/revisions\/4111"}],"up":[{"embeddable":true,"href":"https:\/\/jennecken.de\/index.php?rest_route=\/wp\/v2\/pages\/57"}],"wp:attachment":[{"href":"https:\/\/jennecken.de\/index.php?rest_route=%2Fwp%2Fv2%2Fmedia&parent=3987"}],"curies":[{"name":"wp","href":"https:\/\/api.w.org\/{rel}","templated":true}]}}