{"id":41,"date":"2014-01-15T11:11:49","date_gmt":"2014-01-15T09:11:49","guid":{"rendered":"http:\/\/jennecken.de\/wordpress\/?page_id=41"},"modified":"2024-02-02T15:39:29","modified_gmt":"2024-02-02T14:39:29","slug":"verein-satung","status":"publish","type":"page","link":"https:\/\/jennecken.de\/?page_id=41","title":{"rendered":"Satzung \/ Mitgliedschaft"},"content":{"rendered":"<p><span style=\"text-decoration: underline;\"><strong>Vereinssatzung:<\/strong><\/span><\/p>\n<p><a href=\"https:\/\/www.jennecken.de\/pdf\/Satzung_00_Duplikat.pdf\" target=\"_blank\" rel=\"noopener\"><img loading=\"lazy\" decoding=\"async\" class=\"alignleft size-full wp-image-203\" src=\"https:\/\/jennecken.de\/wp-content\/uploads\/2014\/01\/pdf.jpg\" alt=\"pdf\" width=\"41\" height=\"50\" \/><\/a><br \/>\nDie Satzung des Vereins<br \/>\n<span style=\"font-family: Arial; font-size: small;\"><br \/>\n<\/span><\/p>\n<p><span style=\"text-decoration: underline;\"><strong>Mitgliedschaft:<\/strong><\/span><\/p>\n<p><a href=\"https:\/\/www.jennecken.de\/pdf\/Beitritt_Formular.pdf\" target=\"_blank\" rel=\"noopener\"><img loading=\"lazy\" decoding=\"async\" class=\"alignleft size-full wp-image-203\" src=\"https:\/\/jennecken.de\/wp-content\/uploads\/2014\/01\/pdf.jpg\" alt=\"pdf\" width=\"41\" height=\"50\" \/><\/a><br \/>\nBeitrittsformular<\/p>\n<p>Durch eine Mitgliedschaft in unserem Verein haben Sie die M\u00f6glichkeit unser Dorfhaus zu einem g\u00fcnstigeren Tarif zu mieten.\u00a0Desweiteren k\u00f6nnen Sie Vereinsinventar, wie Laubbl\u00e4ser, Freischneider, Partyzelte, usw. kostenlos ausleihen.<br \/>\nNeben neu zugezogenen Jenneckern, w\u00fcrden wir uns auch \u00fcber die Mitgliedschaft der ehemaligen Jennecker freuen!<\/p>\n<p>Der Jahresbeitrag betr\u00e4gt 30 EUR f\u00fcr Familien oder Einzelpersonen und 18 EUR f\u00fcr alleinstehende Rentner.<\/p>\n<p>Einfach das Beitrittsformular ausf\u00fcllen und bei einem Vorstandsmitglied vorbeibringen, oder an <a href=\"mailto:vorstand@jennecken.de\">vorstand@jennecken.de<\/a> schicken!<\/p>\n<p><a href=\"#top\">\u2191\u00a0zum Seitenanfang<\/a><\/p>\n","protected":false},"excerpt":{"rendered":"<p>Vereinssatzung: Die Satzung des Vereins Mitgliedschaft: Beitrittsformular Durch eine Mitgliedschaft in unserem Verein haben Sie die M\u00f6glichkeit unser Dorfhaus zu einem g\u00fcnstigeren Tarif zu mieten.\u00a0Desweiteren k\u00f6nnen Sie Vereinsinventar, wie Laubbl\u00e4ser, Freischneider, Partyzelte, usw. kostenlos ausleihen. Neben neu zugezogenen Jenneckern, w\u00fcrden wir uns auch \u00fcber die Mitgliedschaft der ehemaligen Jennecker freuen! Der Jahresbeitrag betr\u00e4gt 30 EUR &hellip; <\/p>\n<p class=\"link-more\"><a href=\"https:\/\/jennecken.de\/?page_id=41\" class=\"more-link\"><span class=\"screen-reader-text\">\u201eSatzung \/ Mitgliedschaft\u201c<\/span> weiterlesen<\/a><\/p>\n","protected":false},"author":1001002,"featured_media":0,"parent":38,"menu_order":2,"comment_status":"closed","ping_status":"closed","template":"","meta":{"footnotes":""},"class_list":["post-41","page","type-page","status-publish","hentry"],"_links":{"self":[{"href":"https:\/\/jennecken.de\/index.php?rest_route=\/wp\/v2\/pages\/41","targetHints":{"allow":["GET"]}}],"collection":[{"href":"https:\/\/jennecken.de\/index.php?rest_route=\/wp\/v2\/pages"}],"about":[{"href":"https:\/\/jennecken.de\/index.php?rest_route=\/wp\/v2\/types\/page"}],"author":[{"embeddable":true,"href":"https:\/\/jennecken.de\/index.php?rest_route=\/wp\/v2\/users\/1001002"}],"replies":[{"embeddable":true,"href":"https:\/\/jennecken.de\/index.php?rest_route=%2Fwp%2Fv2%2Fcomments&post=41"}],"version-history":[{"count":22,"href":"https:\/\/jennecken.de\/index.php?rest_route=\/wp\/v2\/pages\/41\/revisions"}],"predecessor-version":[{"id":4941,"href":"https:\/\/jennecken.de\/index.php?rest_route=\/wp\/v2\/pages\/41\/revisions\/4941"}],"up":[{"embeddable":true,"href":"https:\/\/jennecken.de\/index.php?rest_route=\/wp\/v2\/pages\/38"}],"wp:attachment":[{"href":"https:\/\/jennecken.de\/index.php?rest_route=%2Fwp%2Fv2%2Fmedia&parent=41"}],"curies":[{"name":"wp","href":"https:\/\/api.w.org\/{rel}","templated":true}]}}