{"id":44,"date":"2014-01-15T11:12:40","date_gmt":"2014-01-15T09:12:40","guid":{"rendered":"http:\/\/jennecken.de\/wordpress\/?page_id=44"},"modified":"2018-03-14T08:59:28","modified_gmt":"2018-03-14T07:59:28","slug":"verein-geschichte","status":"publish","type":"page","link":"https:\/\/jennecken.de\/?page_id=44","title":{"rendered":"Vereinsgeschichte"},"content":{"rendered":"<p><a href=\"https:\/\/jennecken.de\/?page_id=536\">\u2190Zur\u00fcck<\/a><\/p>\n<p>Die wichtigsten Vereinsdaten in Stichworten:<\/p>\n<table border=\"0\" cellspacing=\"0\" cellpadding=\"0\">\n<tbody>\n<tr>\n<td valign=\"top\" width=\"64\"><b>1956<\/b><\/td>\n<td valign=\"top\" width=\"550\"><b>Gr\u00fcndung des Vereins<\/b><br \/>\nAm 29. September 1956 um 20:00 Uhr wurde im Hause Max Kr\u00e4mer von zwanzig Interessenten des Ortes Jennecken einstimmig der\u00a0Gemeinn\u00fctzige Verein Jennecken e.V.gegr\u00fcndet.\u00a0Der\u00a0\u00a0Satzungsentwurf vom 29.11.1956 wurde einstimmig angenommen.\u00a0Gem\u00e4\u00df dieser Satzung wurde dann einstimmig der 1.Vorstand des Vereins gew\u00e4hlt.<\/td>\n<\/tr>\n<tr>\n<td valign=\"top\" width=\"64\"><b>1972<\/b><\/td>\n<td valign=\"top\" width=\"550\"><b>Erstes Jennecker Dorffest<\/b><br \/>\nIm Sommer diesen Jahres fand das erst Jennecker Dorffest auf dem &#8222;Festplatz&#8220;, zwischen Jennecken und Krahm statt.<\/td>\n<\/tr>\n<tr>\n<td valign=\"top\" width=\"64\"><b>1973<\/b><\/td>\n<td valign=\"top\" width=\"550\"><b>Kauf des Brandweihers<\/b><br \/>\nAm 10. Dezember 1973 verkauft die Stadt Wiehl das Grundst\u00fcck mit Wasserfl\u00e4che\u00a0in Jennecken (Brandweiher) f\u00fcr 1,00 DM an den Gemeinn\u00fctzigen Verein Jennecken e.V.\u00a0Es wurde eine Teichanlage f\u00fcr gemeinn\u00fctzige Zwecke errichtet.<\/td>\n<\/tr>\n<tr>\n<td valign=\"top\" width=\"64\"><b>1974<\/b><\/td>\n<td valign=\"top\" width=\"550\"><b>Verpachtung der Teichanlage<\/b><br \/>\nDie Teichanlage wurde am 01.03 1974 die Interessengemeinschaft Teichanlage verpachtet.<\/td>\n<\/tr>\n<tr>\n<td valign=\"top\" width=\"64\"><b>\u00a0<\/b><\/td>\n<td valign=\"top\" width=\"550\"><b>Satzungs\u00e4nderung<br \/>\n<\/b>Am 12. Juni 1974 hat die Mitgliederversammlung die Satzung ge\u00e4ndert und neu verfasst.<b><\/b><\/td>\n<\/tr>\n<tr>\n<td valign=\"top\" width=\"64\"><b>1977<\/b><\/td>\n<td valign=\"top\" width=\"550\"><b>Kauf des Dorfhausgrundst\u00fccks<\/b><br \/>\nAm 20.Juni 1977 Kauf von Hof- und Geb\u00e4udefl\u00e4che 5,39 Ar.<\/td>\n<\/tr>\n<tr>\n<td valign=\"top\" width=\"64\"><b>1978<\/b><\/td>\n<td valign=\"top\" width=\"550\"><b>Beginn der Bauarbeiten am Dorfhaus<br \/>\n<\/b>Nachdem der Antrag auf \u201eAusbau einer Scheune zum Dorfgemeinschaftshaus\u201c bewilligt wurde, beginnen die Bauarbeiten.<\/td>\n<\/tr>\n<tr>\n<td valign=\"top\" width=\"64\"><b>1984<\/b><\/td>\n<td valign=\"top\" width=\"550\"><b>Rohbauabnahme des Dorfhauses<\/b><\/td>\n<\/tr>\n<tr>\n<td valign=\"top\" width=\"64\"><b>1985<\/b><\/td>\n<td valign=\"top\" width=\"550\"><b>Fertigstellung des Dorfhauses<\/b><\/td>\n<\/tr>\n<tr>\n<td valign=\"top\" width=\"64\"><b>1986<\/b><\/td>\n<td valign=\"top\" width=\"550\"><b>Erste Senioren Weihnachtsfeier<\/b><\/td>\n<\/tr>\n<tr>\n<td valign=\"top\" width=\"64\"><b>1996<\/b><\/td>\n<td valign=\"top\" width=\"550\"><b>Erste\u00a0Jennecker Pfingstwanderung<\/b><\/td>\n<\/tr>\n<tr>\n<td valign=\"top\" width=\"64\"><b>\u00a0<\/b><\/td>\n<td valign=\"top\" width=\"550\"><b>Erstes Dorffest &#8222;Rund um den Spielplatz&#8220;<\/b><\/td>\n<\/tr>\n<tr>\n<td valign=\"top\" width=\"64\"><b>2001<\/b><\/td>\n<td valign=\"top\" width=\"550\"><b>Restaurierung der historischen Viehwaage<br \/>\n<\/b>Die Viehwaage wurde komplett in Eigenleistung restauriert. Die Gelder hierf\u00fcr wurden von der Sparkasse der Homburgischen Gemeinden bereitgestellt.<b><\/b><\/td>\n<\/tr>\n<tr>\n<td valign=\"top\" width=\"64\"><b>\u00a0<\/b><\/td>\n<td valign=\"top\" width=\"550\"><b>Einweihung der Viehwaage<br \/>\n<\/b>Im Rahmen des Dorffestes wurde die restaurierte Viehwaage eingeweiht. Wie in alten Zeiten wurde eine \u201eortsans\u00e4ssige\u201c Kuh gewogen.<b><\/b><\/td>\n<\/tr>\n<tr>\n<td valign=\"top\" width=\"64\"><b>2005<\/b><\/td>\n<td valign=\"top\" width=\"550\"><b>Neuverpachtung der Teichanlage<br \/>\n<\/b>Nach Ablauf des Pachtvertrages und Aufl\u00f6sung der &#8222;Interessengemeinschaft Teichanlage&#8220; wurde ein neuer P\u00e4chter gefunden.<b><\/b><\/td>\n<\/tr>\n<tr>\n<td valign=\"top\" width=\"64\"><b>2006<\/b><\/td>\n<td valign=\"top\" width=\"550\"><b>Fu\u00dfball WM in Jennecken<br \/>\n<\/b>Alle Spiele der deutschen Nationalmannschaft wurden im Dorfhaus auf einer Gro\u00dfleinwand \u00fcbertragen.<b><\/b><\/td>\n<\/tr>\n<tr>\n<td valign=\"top\" width=\"64\"><b>2007<\/b><\/td>\n<td valign=\"top\" width=\"550\"><b>Neuer Internet &#8211; Auftritt<br \/>\n<\/b>Komplette Neugestaltung der vereinseigenen Homepage.<b><\/b><\/td>\n<\/tr>\n<tr>\n<td valign=\"top\" width=\"64\"><b>\u00a0<\/b><\/td>\n<td valign=\"top\" width=\"550\"><b>Neufassung Vereinssatzung<br \/>\n<\/b>Am 21. M\u00e4rz 2007 wurde auf einer au\u00dferordentlichen Mitgliederversammlung die Neufassung der Satzung beschlossen.<b><\/b><\/td>\n<\/tr>\n<tr>\n<td valign=\"top\" width=\"64\"><b>\u00a0<\/b><\/td>\n<td valign=\"top\" width=\"550\"><b>Dachsanierung des Dorfhauses<br \/>\n<\/b>Das Dach unseres Dorfhauses wurde in Eigenleistung neu gedeckt.<b><\/b><\/td>\n<\/tr>\n<tr>\n<td valign=\"top\" width=\"64\"><b>\u00a0<\/b><\/td>\n<td valign=\"top\" width=\"550\"><b>Dorfhausrenovierung<br \/>\n<\/b>Einbau einer neuen K\u00fcche, einer Theke mit Zapfanlage und Neugestaltung des Saales. Neue Tische und Bestuhlung, sowie eine neue Aussenbeleuchtung.<br \/>\nDie Einweihung fand im Rahmen eines Oktoberfestes statt.<b><\/b><\/td>\n<\/tr>\n<tr>\n<td valign=\"top\" width=\"64\"><b>2008<\/b><\/td>\n<td valign=\"top\" width=\"550\"><b>Anschaffung einer eigenen Beamer &#8211; Sat \u2013 Anlage<br \/>\n<\/b>Zur \u00dcbertragung wichtiger Ereignisse in unserem Dorfhaus<b><\/b><\/td>\n<\/tr>\n<tr>\n<td valign=\"top\" width=\"64\"><b>\u00a0<\/b><\/td>\n<td valign=\"top\" width=\"550\"><b>Erste Jennecker Nikolausfeier<br \/>\n<\/b>Im Dezember fand die Nikolausfeier zum erstenmal statt. Der Nikolaus begr\u00fc\u00dfte 25 Kinder im Dorfhaus.<b><\/b><\/td>\n<\/tr>\n<tr>\n<td valign=\"top\" width=\"64\"><b>2009<\/b><\/td>\n<td valign=\"top\" width=\"550\"><b>Anschaffung einer neuen Musikanlage<\/b><\/td>\n<\/tr>\n<tr>\n<td valign=\"top\" width=\"64\"><b>2010<\/b><\/td>\n<td valign=\"top\" width=\"550\"><b>Anschaffung\u00a0<\/b>eines\u00a0<b>Ger\u00e4tehauses\u00a0<\/b>unterhalb des Dorfhauses und eines vereinseigener\u00a0<b>PKW-Anh\u00e4ngers.<\/b><\/td>\n<\/tr>\n<tr>\n<td valign=\"top\" width=\"64\"><b>2011<\/b><\/td>\n<td valign=\"top\" width=\"550\"><b>Neugestaltung des Kinderspielplatzes<br \/>\n<\/b>Der Kinderspielplatz wurde komplett umgestaltet und mit neuen Spielger\u00e4ten best\u00fcckt.<b><\/b><\/td>\n<\/tr>\n<tr>\n<td valign=\"top\" width=\"64\"><b>\u00a0<\/b><\/td>\n<td valign=\"top\" width=\"550\"><b>25 Jahre Senioren Weihnachtsfeier<br \/>\n<\/b>Die Senioren Weihnachtsfeier feiert in diesem Jahr ihr 25j\u00e4hriges Jubil\u00e4um.<b><\/b><\/td>\n<\/tr>\n<tr>\n<td valign=\"top\" width=\"64\"><b>2014<\/b><\/td>\n<td valign=\"top\" width=\"550\"><b>Neugestaltung und \u00dcberarbeitung der Homepage<br \/>\n<\/b>incl.\u00a0einer Facebook- und Google plus &#8211; Seite.<b><br \/>\n<\/b><\/td>\n<\/tr>\n<tr>\n<td valign=\"top\" width=\"64\"><\/td>\n<td valign=\"top\" width=\"550\"><strong>Jennecker Weihnachtsbaum aufgestellt<br \/>\n<\/strong>Nach mehr als 25 Jahren wurde auf unserem Spielpatz wieder ein Weihnachtsbaum aufgestellt.<\/td>\n<\/tr>\n<tr>\n<td valign=\"top\" width=\"64\"><b>2017<\/b><\/td>\n<td valign=\"top\" width=\"550\"><b>Spielplatzrenovierung<br \/>\n<\/b>Die alte und marode Rutsche wurde abgebaut und durch eine neue ersetzt. Ebenso wurde das alte Karussel aus Sicherheitsgr\u00fcnden entfernt.<b><br \/>\n<\/b><\/td>\n<\/tr>\n<tr>\n<td valign=\"top\" width=\"64\"><\/td>\n<td valign=\"top\" width=\"550\"><strong>Dorffest erstmalig auf der Dorfhauswiese<br \/>\n<\/strong>Zum ersten Mal wurde das Dorffest unterhalb des Dorfhauses auf der Wiese veranstaltet. Ein voller Erfolg!<\/td>\n<\/tr>\n<tr>\n<td valign=\"top\" width=\"64\"><\/td>\n<td valign=\"top\" width=\"550\"><strong>Anschaffung eines neuen Rasenm\u00e4hers<br \/>\n<\/strong>F\u00fcr die Umlagenpflege des Dorfhauses und des Spielplatzes wurde ein neuer Rasenm\u00e4her angeschafft.<strong><br \/>\n<\/strong><\/td>\n<\/tr>\n<\/tbody>\n<\/table>\n<p><a href=\"#top\">\u2191\u00a0zum Seitenanfang<\/a><\/p>\n","protected":false},"excerpt":{"rendered":"<p>\u2190Zur\u00fcck Die wichtigsten Vereinsdaten in Stichworten: 1956 Gr\u00fcndung des Vereins Am 29. September 1956 um 20:00 Uhr wurde im Hause Max Kr\u00e4mer von zwanzig Interessenten des Ortes Jennecken einstimmig der\u00a0Gemeinn\u00fctzige Verein Jennecken e.V.gegr\u00fcndet.\u00a0Der\u00a0\u00a0Satzungsentwurf vom 29.11.1956 wurde einstimmig angenommen.\u00a0Gem\u00e4\u00df dieser Satzung wurde dann einstimmig der 1.Vorstand des Vereins gew\u00e4hlt. 1972 Erstes Jennecker Dorffest Im Sommer diesen &hellip; <\/p>\n<p class=\"link-more\"><a href=\"https:\/\/jennecken.de\/?page_id=44\" class=\"more-link\"><span class=\"screen-reader-text\">\u201eVereinsgeschichte\u201c<\/span> weiterlesen<\/a><\/p>\n","protected":false},"author":1001002,"featured_media":0,"parent":536,"menu_order":1,"comment_status":"closed","ping_status":"closed","template":"","meta":{"footnotes":""},"class_list":["post-44","page","type-page","status-publish","hentry"],"_links":{"self":[{"href":"https:\/\/jennecken.de\/index.php?rest_route=\/wp\/v2\/pages\/44","targetHints":{"allow":["GET"]}}],"collection":[{"href":"https:\/\/jennecken.de\/index.php?rest_route=\/wp\/v2\/pages"}],"about":[{"href":"https:\/\/jennecken.de\/index.php?rest_route=\/wp\/v2\/types\/page"}],"author":[{"embeddable":true,"href":"https:\/\/jennecken.de\/index.php?rest_route=\/wp\/v2\/users\/1001002"}],"replies":[{"embeddable":true,"href":"https:\/\/jennecken.de\/index.php?rest_route=%2Fwp%2Fv2%2Fcomments&post=44"}],"version-history":[{"count":22,"href":"https:\/\/jennecken.de\/index.php?rest_route=\/wp\/v2\/pages\/44\/revisions"}],"predecessor-version":[{"id":3883,"href":"https:\/\/jennecken.de\/index.php?rest_route=\/wp\/v2\/pages\/44\/revisions\/3883"}],"up":[{"embeddable":true,"href":"https:\/\/jennecken.de\/index.php?rest_route=\/wp\/v2\/pages\/536"}],"wp:attachment":[{"href":"https:\/\/jennecken.de\/index.php?rest_route=%2Fwp%2Fv2%2Fmedia&parent=44"}],"curies":[{"name":"wp","href":"https:\/\/api.w.org\/{rel}","templated":true}]}}