{"id":509,"date":"2014-01-22T22:40:15","date_gmt":"2014-01-22T21:40:15","guid":{"rendered":"http:\/\/jennecken.de\/?page_id=509"},"modified":"2021-07-15T09:35:29","modified_gmt":"2021-07-15T07:35:29","slug":"nachbarorte-und-vereine","status":"publish","type":"page","link":"https:\/\/jennecken.de\/?page_id=509","title":{"rendered":"Nachbarorte und Vereine"},"content":{"rendered":"<p>Links zu benachbarten Ortschaften und Vereinen:<\/p>\n<table border=\"0\" cellspacing=\"0\" cellpadding=\"0\">\n<tbody>\n<tr>\n<td valign=\"top\" width=\"307\"><a href=\"https:\/\/www.wiehl.de\" target=\"_blank\" rel=\"noopener\">Stadt Wiehl<\/a><\/td>\n<td valign=\"top\" width=\"307\"><a href=\"https:\/\/www.imkerverein-wiehl.de\/\" target=\"_blank\" rel=\"noopener\">Imkerverein Wiehl<\/a><\/td>\n<\/tr>\n<tr>\n<td valign=\"top\" width=\"307\"><a href=\"http:\/\/www.drabenderhoehe.de\" target=\"_blank\" rel=\"noopener\">Drabenderh\u00f6he<\/a><\/td>\n<td valign=\"top\" width=\"307\"><a href=\"https:\/\/www.bv09-drabenderhoehe.de\/\" target=\"_blank\" rel=\"noopener\">BV09 &#8211; Drabenderh\u00f6he<\/a><\/td>\n<\/tr>\n<tr>\n<td valign=\"top\" width=\"307\"><\/td>\n<td valign=\"top\" width=\"307\"><a href=\"https:\/\/www.tc77drabenderhoehe.de\/\" target=\"_blank\" rel=\"noopener\">TC 77 Drabenderh\u00f6he<\/a><\/td>\n<\/tr>\n<tr>\n<td valign=\"top\" width=\"307\"><\/td>\n<td valign=\"top\" width=\"307\"><a href=\"http:\/\/www.ernteverein-drabenderhoehe.de\" target=\"_blank\" rel=\"noopener\">Ernteverein Drabenderh\u00f6he<\/a><\/td>\n<\/tr>\n<tr>\n<td valign=\"top\" width=\"307\"><\/td>\n<td valign=\"top\" width=\"307\"><a href=\"https:\/\/www.jugendheim-drabenderhoehe.de\" target=\"_blank\" rel=\"noopener\">Jugendheim Drabenderh\u00f6he<\/a><\/td>\n<\/tr>\n<tr>\n<td valign=\"top\" width=\"307\"><\/td>\n<td valign=\"top\" width=\"307\"><a href=\"http:\/\/www.heimatverein-drabenderhoehe.de\" target=\"_blank\" rel=\"noopener\">Heimatverein Drabenderh\u00f6he<\/a><\/td>\n<\/tr>\n<tr>\n<td valign=\"top\" width=\"307\"><\/td>\n<td valign=\"top\" width=\"307\"><a href=\"https:\/\/www.evkidra.de\/\" target=\"_blank\" rel=\"noopener\">Evangelische Kirchengemeinde<\/a><\/td>\n<\/tr>\n<tr>\n<td valign=\"top\" width=\"307\"><a href=\"https:\/\/www.bielstein.de\" target=\"_blank\" rel=\"noopener\">Bielstein<\/a><\/td>\n<td valign=\"top\" width=\"307\"><a href=\"http:\/\/www.msc-bielstein.de\" target=\"_blank\" rel=\"noopener\">MSC &#8211; Bielstein<\/a><\/td>\n<\/tr>\n<tr>\n<td valign=\"top\" width=\"307\"><\/td>\n<td valign=\"top\" width=\"307\"><a href=\"http:\/\/www.kv-bielstein.de\" target=\"_blank\" rel=\"noopener\">Karnevalsverein Bielsten<\/a><\/td>\n<\/tr>\n<tr>\n<td valign=\"top\" width=\"307\"><\/td>\n<td valign=\"top\" width=\"307\"><a href=\"http:\/\/www.die-tanzmaeuse.de\" target=\"_blank\" rel=\"noopener\">Tanzgruppe die Tanzm\u00e4use<\/a><\/td>\n<\/tr>\n<tr>\n<td valign=\"top\" width=\"307\"><\/td>\n<td valign=\"top\" width=\"307\"><a href=\"http:\/\/www.tfbielstein.de\/\" target=\"_blank\" rel=\"noopener\">Tennisfreunde Bielstein<\/a><\/td>\n<\/tr>\n<tr>\n<td valign=\"top\" width=\"307\"><\/td>\n<td valign=\"top\" width=\"307\"><a href=\"http:\/\/www.bsv-bielstein.de\/\" target=\"_blank\" rel=\"noopener\">BSV Viktoria Bielstein<\/a><\/td>\n<\/tr>\n<tr>\n<td valign=\"top\" width=\"307\"><\/td>\n<td valign=\"top\" width=\"307\"><a href=\"http:\/\/heimatverein-bielstein.de\/\" target=\"_blank\" rel=\"noopener\">Heimatverein Bielstein<\/a><\/td>\n<\/tr>\n<tr>\n<td valign=\"top\" width=\"307\"><\/td>\n<td valign=\"top\" width=\"307\"><a href=\"http:\/\/www.freibad-bielstein.de\/\" target=\"_blank\" rel=\"noopener\">F\u00f6rderverein Freibad Bielstein<\/a><\/td>\n<\/tr>\n<tr>\n<td valign=\"top\" width=\"307\"><a href=\"https:\/\/www.nuembrecht.de\" target=\"_blank\" rel=\"noopener\">Gemeinde\u00a0N\u00fcmbrecht<\/a><\/td>\n<td valign=\"top\" width=\"307\"><a href=\"http:\/\/www.elsenroth.de\" target=\"_blank\" rel=\"noopener\">Gemeinn\u00fctziger Verein Elsenroth<\/a><\/td>\n<\/tr>\n<tr>\n<td valign=\"top\" width=\"307\"><\/td>\n<td valign=\"top\" width=\"307\"><a href=\"http:\/\/www.tus-elsenroth.de\/\" target=\"_blank\" rel=\"noopener\">TuS &#8211; Elsenroth<\/a><\/td>\n<\/tr>\n<tr>\n<td valign=\"top\" width=\"307\"><\/td>\n<td valign=\"top\" width=\"307\"><\/td>\n<\/tr>\n<\/tbody>\n<\/table>\n<p><a href=\"#top\" data-wplink-edit=\"true\">\u2191\u00a0zum Seitenanfang<\/a><\/p>\n","protected":false},"excerpt":{"rendered":"<p>Links zu benachbarten Ortschaften und Vereinen: Stadt Wiehl Imkerverein Wiehl Drabenderh\u00f6he BV09 &#8211; Drabenderh\u00f6he TC 77 Drabenderh\u00f6he Ernteverein Drabenderh\u00f6he Jugendheim Drabenderh\u00f6he Heimatverein Drabenderh\u00f6he Evangelische Kirchengemeinde Bielstein MSC &#8211; Bielstein Karnevalsverein Bielsten Tanzgruppe die Tanzm\u00e4use Tennisfreunde Bielstein BSV Viktoria Bielstein Heimatverein Bielstein F\u00f6rderverein Freibad Bielstein Gemeinde\u00a0N\u00fcmbrecht Gemeinn\u00fctziger Verein Elsenroth TuS &#8211; Elsenroth \u2191\u00a0zum Seitenanfang<\/p>\n","protected":false},"author":1001002,"featured_media":0,"parent":818,"menu_order":2,"comment_status":"closed","ping_status":"closed","template":"","meta":{"footnotes":""},"class_list":["post-509","page","type-page","status-publish","hentry"],"_links":{"self":[{"href":"https:\/\/jennecken.de\/index.php?rest_route=\/wp\/v2\/pages\/509","targetHints":{"allow":["GET"]}}],"collection":[{"href":"https:\/\/jennecken.de\/index.php?rest_route=\/wp\/v2\/pages"}],"about":[{"href":"https:\/\/jennecken.de\/index.php?rest_route=\/wp\/v2\/types\/page"}],"author":[{"embeddable":true,"href":"https:\/\/jennecken.de\/index.php?rest_route=\/wp\/v2\/users\/1001002"}],"replies":[{"embeddable":true,"href":"https:\/\/jennecken.de\/index.php?rest_route=%2Fwp%2Fv2%2Fcomments&post=509"}],"version-history":[{"count":40,"href":"https:\/\/jennecken.de\/index.php?rest_route=\/wp\/v2\/pages\/509\/revisions"}],"predecessor-version":[{"id":4673,"href":"https:\/\/jennecken.de\/index.php?rest_route=\/wp\/v2\/pages\/509\/revisions\/4673"}],"up":[{"embeddable":true,"href":"https:\/\/jennecken.de\/index.php?rest_route=\/wp\/v2\/pages\/818"}],"wp:attachment":[{"href":"https:\/\/jennecken.de\/index.php?rest_route=%2Fwp%2Fv2%2Fmedia&parent=509"}],"curies":[{"name":"wp","href":"https:\/\/api.w.org\/{rel}","templated":true}]}}