{"id":86,"date":"2014-01-15T14:17:40","date_gmt":"2014-01-15T12:17:40","guid":{"rendered":"http:\/\/jennecken.de\/wordpress\/?page_id=86"},"modified":"2024-04-16T19:39:02","modified_gmt":"2024-04-16T17:39:02","slug":"vorstand","status":"publish","type":"page","link":"https:\/\/jennecken.de\/?page_id=86","title":{"rendered":"Vorstand"},"content":{"rendered":"\n<p>Der aktuelle Gesamtvorstand des Vereins<\/p>\n\n\n\n<figure class=\"wp-block-table\"><table><tbody><tr><td>1. Vorsitzender<\/td><td>Sven B\u00fcser <\/td><\/tr><tr><td>2. Vorsitzender<\/td><td>Uli Scheel<\/td><\/tr><tr><td>Schriftf\u00fchrerin<\/td><td>Lisa Jobi<\/td><\/tr><tr><td>Kassierer<\/td><td>Ingo Kr\u00e4mer<\/td><\/tr><tr><td>1. Beisitzerin<\/td><td>Adelheid Hann<\/td><\/tr><tr><td>2. Beisitzer<\/td><td>Alex Jobi<\/td><\/tr><\/tbody><\/table><\/figure>\n\n\n\n<p>Die Kontaktdaten finden Sie <a href=\"https:\/\/jennecken.de\/?page_id=224\">&#8230;hier&nbsp;\u00bb<br><\/a><\/p>\n","protected":false},"excerpt":{"rendered":"<p>Der aktuelle Gesamtvorstand des Vereins 1. Vorsitzender Sven B\u00fcser 2. Vorsitzender Uli Scheel Schriftf\u00fchrerin Lisa Jobi Kassierer Ingo Kr\u00e4mer 1. Beisitzerin Adelheid Hann 2. Beisitzer Alex Jobi Die Kontaktdaten finden Sie &#8230;hier&nbsp;\u00bb<\/p>\n","protected":false},"author":1001002,"featured_media":0,"parent":38,"menu_order":1,"comment_status":"closed","ping_status":"closed","template":"","meta":{"footnotes":""},"class_list":["post-86","page","type-page","status-publish","hentry"],"_links":{"self":[{"href":"https:\/\/jennecken.de\/index.php?rest_route=\/wp\/v2\/pages\/86","targetHints":{"allow":["GET"]}}],"collection":[{"href":"https:\/\/jennecken.de\/index.php?rest_route=\/wp\/v2\/pages"}],"about":[{"href":"https:\/\/jennecken.de\/index.php?rest_route=\/wp\/v2\/types\/page"}],"author":[{"embeddable":true,"href":"https:\/\/jennecken.de\/index.php?rest_route=\/wp\/v2\/users\/1001002"}],"replies":[{"embeddable":true,"href":"https:\/\/jennecken.de\/index.php?rest_route=%2Fwp%2Fv2%2Fcomments&post=86"}],"version-history":[{"count":49,"href":"https:\/\/jennecken.de\/index.php?rest_route=\/wp\/v2\/pages\/86\/revisions"}],"predecessor-version":[{"id":5003,"href":"https:\/\/jennecken.de\/index.php?rest_route=\/wp\/v2\/pages\/86\/revisions\/5003"}],"up":[{"embeddable":true,"href":"https:\/\/jennecken.de\/index.php?rest_route=\/wp\/v2\/pages\/38"}],"wp:attachment":[{"href":"https:\/\/jennecken.de\/index.php?rest_route=%2Fwp%2Fv2%2Fmedia&parent=86"}],"curies":[{"name":"wp","href":"https:\/\/api.w.org\/{rel}","templated":true}]}}